{"id":1578,"date":"2022-05-31T06:00:05","date_gmt":"2022-05-31T10:00:05","guid":{"rendered":"https:\/\/pastorvillalobos.com\/contact\/"},"modified":"2024-05-20T06:24:08","modified_gmt":"2024-05-20T10:24:08","slug":"contact","status":"publish","type":"page","link":"https:\/\/pastorvillalobos.com\/en\/contact\/","title":{"rendered":"Contact"},"content":{"rendered":"\t\t<div data-elementor-type=\"wp-page\" data-elementor-id=\"1578\" class=\"elementor elementor-1578 elementor-531\" data-elementor-post-type=\"page\">\n\t\t\t\t\t\t<section class=\"elementor-section elementor-top-section elementor-element elementor-element-4dcfb1a5 elementor-section-boxed elementor-section-height-default elementor-section-height-default\" data-id=\"4dcfb1a5\" data-element_type=\"section\" data-e-type=\"section\">\n\t\t\t\t\t\t<div class=\"elementor-container elementor-column-gap-default\">\n\t\t\t\t\t<div class=\"elementor-column elementor-col-50 elementor-top-column elementor-element elementor-element-3c8cc218\" data-id=\"3c8cc218\" data-element_type=\"column\" data-e-type=\"column\">\n\t\t\t<div class=\"elementor-widget-wrap elementor-element-populated\">\n\t\t\t\t\t\t<div class=\"elementor-element elementor-element-23bf2c31 elementor-widget elementor-widget-heading\" data-id=\"23bf2c31\" data-element_type=\"widget\" data-e-type=\"widget\" data-widget_type=\"heading.default\">\n\t\t\t\t<div class=\"elementor-widget-container\">\n\t\t\t\t\t<h4 class=\"elementor-heading-title elementor-size-default\">Face-to-face and online consultations by appointment only. <\/h4>\t\t\t\t<\/div>\n\t\t\t\t<\/div>\n\t\t\t\t<section class=\"elementor-section elementor-inner-section elementor-element elementor-element-1617b2a3 elementor-section-boxed elementor-section-height-default elementor-section-height-default\" data-id=\"1617b2a3\" data-element_type=\"section\" data-e-type=\"section\">\n\t\t\t\t\t\t<div class=\"elementor-container elementor-column-gap-default\">\n\t\t\t\t\t<div class=\"elementor-column elementor-col-100 elementor-inner-column elementor-element elementor-element-52233b32\" data-id=\"52233b32\" data-element_type=\"column\" data-e-type=\"column\">\n\t\t\t<div class=\"elementor-widget-wrap elementor-element-populated\">\n\t\t\t\t\t\t<div class=\"elementor-element elementor-element-493cf84 elementor-widget__width-auto elementor-absolute elementor-widget elementor-widget-image\" data-id=\"493cf84\" data-element_type=\"widget\" data-e-type=\"widget\" data-settings=\"{&quot;_position&quot;:&quot;absolute&quot;}\" data-widget_type=\"image.default\">\n\t\t\t\t<div class=\"elementor-widget-container\">\n\t\t\t\t\t\t\t\t\t\t\t\t\t\t\t<img decoding=\"async\" width=\"20\" height=\"21\" src=\"https:\/\/pastorvillalobos.com\/wp-content\/uploads\/2022\/04\/main-chamber-logo.png\" class=\"attachment-large size-large wp-image-1398\" alt=\"\" \/>\t\t\t\t\t\t\t\t\t\t\t\t\t\t\t<\/div>\n\t\t\t\t<\/div>\n\t\t\t\t<div class=\"elementor-element elementor-element-6792b88 elementor-widget elementor-widget-heading\" data-id=\"6792b88\" data-element_type=\"widget\" data-e-type=\"widget\" data-widget_type=\"heading.default\">\n\t\t\t\t<div class=\"elementor-widget-container\">\n\t\t\t\t\t<h6 class=\"elementor-heading-title elementor-size-default\">Address<\/h6>\t\t\t\t<\/div>\n\t\t\t\t<\/div>\n\t\t\t\t<div class=\"elementor-element elementor-element-7c6d09cc elementor-widget elementor-widget-text-editor\" data-id=\"7c6d09cc\" data-element_type=\"widget\" data-e-type=\"widget\" data-widget_type=\"text-editor.default\">\n\t\t\t\t<div class=\"elementor-widget-container\">\n\t\t\t\t\t\t\t\t\t<p>Calle C\u00f3rdoba N6 Oficina 108, 29001. M\u00e1laga.<\/p>\n\t\t\t\t\t\t\t\t<\/div>\n\t\t\t\t<\/div>\n\t\t\t\t\t<\/div>\n\t\t<\/div>\n\t\t\t\t\t<\/div>\n\t\t<\/section>\n\t\t\t\t<section class=\"elementor-section elementor-inner-section elementor-element elementor-element-1a02daef elementor-section-boxed elementor-section-height-default elementor-section-height-default\" data-id=\"1a02daef\" data-element_type=\"section\" data-e-type=\"section\">\n\t\t\t\t\t\t<div class=\"elementor-container elementor-column-gap-default\">\n\t\t\t\t\t<div class=\"elementor-column elementor-col-100 elementor-inner-column elementor-element elementor-element-739be265\" data-id=\"739be265\" data-element_type=\"column\" data-e-type=\"column\">\n\t\t\t<div class=\"elementor-widget-wrap elementor-element-populated\">\n\t\t\t\t\t\t<div class=\"elementor-element elementor-element-47526214 elementor-widget__width-auto elementor-absolute elementor-widget elementor-widget-image\" data-id=\"47526214\" data-element_type=\"widget\" data-e-type=\"widget\" data-settings=\"{&quot;_position&quot;:&quot;absolute&quot;}\" data-widget_type=\"image.default\">\n\t\t\t\t<div class=\"elementor-widget-container\">\n\t\t\t\t\t\t\t\t\t\t\t\t\t\t\t<img decoding=\"async\" width=\"20\" height=\"20\" src=\"https:\/\/pastorvillalobos.com\/wp-content\/uploads\/2022\/04\/call-icon.png\" class=\"attachment-large size-large wp-image-1404\" alt=\"\" \/>\t\t\t\t\t\t\t\t\t\t\t\t\t\t\t<\/div>\n\t\t\t\t<\/div>\n\t\t\t\t<div class=\"elementor-element elementor-element-3834252a elementor-widget elementor-widget-heading\" data-id=\"3834252a\" data-element_type=\"widget\" data-e-type=\"widget\" data-widget_type=\"heading.default\">\n\t\t\t\t<div class=\"elementor-widget-container\">\n\t\t\t\t\t<h6 class=\"elementor-heading-title elementor-size-default\">Contact number:<\/h6>\t\t\t\t<\/div>\n\t\t\t\t<\/div>\n\t\t\t\t<div class=\"elementor-element elementor-element-7fc41017 elementor-widget elementor-widget-text-editor\" data-id=\"7fc41017\" data-element_type=\"widget\" data-e-type=\"widget\" data-widget_type=\"text-editor.default\">\n\t\t\t\t<div class=\"elementor-widget-container\">\n\t\t\t\t\t\t\t\t\t<p>+34 676 07 70 53<\/p>\n\t\t\t\t\t\t\t\t<\/div>\n\t\t\t\t<\/div>\n\t\t\t\t\t<\/div>\n\t\t<\/div>\n\t\t\t\t\t<\/div>\n\t\t<\/section>\n\t\t\t\t<section class=\"elementor-section elementor-inner-section elementor-element elementor-element-4f23216a elementor-section-boxed elementor-section-height-default elementor-section-height-default\" data-id=\"4f23216a\" data-element_type=\"section\" data-e-type=\"section\">\n\t\t\t\t\t\t<div class=\"elementor-container elementor-column-gap-default\">\n\t\t\t\t\t<div class=\"elementor-column elementor-col-100 elementor-inner-column elementor-element elementor-element-515ef920\" data-id=\"515ef920\" data-element_type=\"column\" data-e-type=\"column\">\n\t\t\t<div class=\"elementor-widget-wrap elementor-element-populated\">\n\t\t\t\t\t\t<div class=\"elementor-element elementor-element-44f1308f elementor-widget__width-auto elementor-absolute elementor-widget elementor-widget-image\" data-id=\"44f1308f\" data-element_type=\"widget\" data-e-type=\"widget\" data-settings=\"{&quot;_position&quot;:&quot;absolute&quot;}\" data-widget_type=\"image.default\">\n\t\t\t\t<div class=\"elementor-widget-container\">\n\t\t\t\t\t\t\t\t\t\t\t\t\t\t\t<img decoding=\"async\" width=\"20\" height=\"20\" src=\"https:\/\/pastorvillalobos.com\/wp-content\/uploads\/2022\/04\/clock-icon.png\" class=\"attachment-large size-large wp-image-1408\" alt=\"\" \/>\t\t\t\t\t\t\t\t\t\t\t\t\t\t\t<\/div>\n\t\t\t\t<\/div>\n\t\t\t\t<div class=\"elementor-element elementor-element-4adde908 elementor-widget elementor-widget-heading\" data-id=\"4adde908\" data-element_type=\"widget\" data-e-type=\"widget\" data-widget_type=\"heading.default\">\n\t\t\t\t<div class=\"elementor-widget-container\">\n\t\t\t\t\t<h6 class=\"elementor-heading-title elementor-size-default\">Opening hours<\/h6>\t\t\t\t<\/div>\n\t\t\t\t<\/div>\n\t\t\t\t<div class=\"elementor-element elementor-element-c2f7703 elementor-widget elementor-widget-text-editor\" data-id=\"c2f7703\" data-element_type=\"widget\" data-e-type=\"widget\" data-widget_type=\"text-editor.default\">\n\t\t\t\t<div class=\"elementor-widget-container\">\n\t\t\t\t\t\t\t\t\t<p>Monday-Friday 9am-6pm<\/p>\n\t\t\t\t\t\t\t\t<\/div>\n\t\t\t\t<\/div>\n\t\t\t\t\t<\/div>\n\t\t<\/div>\n\t\t\t\t\t<\/div>\n\t\t<\/section>\n\t\t\t\t\t<\/div>\n\t\t<\/div>\n\t\t\t\t<div class=\"elementor-column elementor-col-50 elementor-top-column elementor-element elementor-element-756b2766\" data-id=\"756b2766\" data-element_type=\"column\" data-e-type=\"column\">\n\t\t\t<div class=\"elementor-widget-wrap elementor-element-populated\">\n\t\t\t\t\t\t<section class=\"elementor-section elementor-inner-section elementor-element elementor-element-6d64e585 elementor-section-full_width elementor-section-height-default elementor-section-height-default\" data-id=\"6d64e585\" data-element_type=\"section\" data-e-type=\"section\">\n\t\t\t\t\t\t<div class=\"elementor-container elementor-column-gap-default\">\n\t\t\t\t\t<div class=\"elementor-column elementor-col-100 elementor-inner-column elementor-element elementor-element-2195d9ce elementor-invisible\" data-id=\"2195d9ce\" data-element_type=\"column\" data-e-type=\"column\" data-settings=\"{&quot;background_background&quot;:&quot;classic&quot;,&quot;animation&quot;:&quot;fadeInUp&quot;}\">\n\t\t\t<div class=\"elementor-widget-wrap elementor-element-populated\">\n\t\t\t\t\t\t<div class=\"elementor-element elementor-element-5f690820 elementor-widget elementor-widget-heading\" data-id=\"5f690820\" data-element_type=\"widget\" data-e-type=\"widget\" data-widget_type=\"heading.default\">\n\t\t\t\t<div class=\"elementor-widget-container\">\n\t\t\t\t\t<h4 class=\"elementor-heading-title elementor-size-default\">Request a consultation online<\/h4>\t\t\t\t<\/div>\n\t\t\t\t<\/div>\n\t\t\t\t<div class=\"elementor-element elementor-element-17a0324a elementor-widget elementor-widget-shortcode\" data-id=\"17a0324a\" data-element_type=\"widget\" data-e-type=\"widget\" data-widget_type=\"shortcode.default\">\n\t\t\t\t<div class=\"elementor-widget-container\">\n\t\t\t\t\t\t\t<div class=\"elementor-shortcode\">\n<div class=\"wpcf7 no-js\" id=\"wpcf7-f357-o1\" lang=\"es-VE\" dir=\"ltr\" data-wpcf7-id=\"357\">\n<div class=\"screen-reader-response\"><p role=\"status\" aria-live=\"polite\" aria-atomic=\"true\"><\/p> <ul><\/ul><\/div>\n<form action=\"\/en\/wp-json\/wp\/v2\/pages\/1578#wpcf7-f357-o1\" method=\"post\" class=\"wpcf7-form init\" aria-label=\"Formulario de contacto\" novalidate=\"novalidate\" data-status=\"init\">\n<fieldset class=\"hidden-fields-container\"><input type=\"hidden\" name=\"_wpcf7\" value=\"357\" \/><input type=\"hidden\" name=\"_wpcf7_version\" value=\"6.1.5\" \/><input type=\"hidden\" name=\"_wpcf7_locale\" value=\"es_VE\" \/><input type=\"hidden\" name=\"_wpcf7_unit_tag\" value=\"wpcf7-f357-o1\" \/><input type=\"hidden\" name=\"_wpcf7_container_post\" value=\"0\" \/><input type=\"hidden\" name=\"_wpcf7_posted_data_hash\" value=\"\" \/>\n<\/fieldset>\n<p><span class=\"wpcf7-form-control-wrap\" data-name=\"text-540\"><input size=\"40\" maxlength=\"400\" class=\"wpcf7-form-control wpcf7-text wpcf7-validates-as-required\" aria-required=\"true\" aria-invalid=\"false\" placeholder=\"Nombre\" value=\"\" type=\"text\" name=\"text-540\" \/><\/span><br \/>\n<span class=\"wpcf7-form-control-wrap\" data-name=\"email-143\"><input size=\"40\" maxlength=\"400\" class=\"wpcf7-form-control wpcf7-email wpcf7-validates-as-required wpcf7-text wpcf7-validates-as-email\" aria-required=\"true\" aria-invalid=\"false\" placeholder=\"Email\" value=\"\" type=\"email\" name=\"email-143\" \/><\/span><br \/>\n<span class=\"wpcf7-form-control-wrap\" data-name=\"tel-176\"><input size=\"40\" maxlength=\"9\" class=\"wpcf7-form-control wpcf7-tel wpcf7-validates-as-required wpcf7-text wpcf7-validates-as-tel\" aria-required=\"true\" aria-invalid=\"false\" placeholder=\"Tel\u00e9fono\" value=\"\" type=\"tel\" name=\"tel-176\" \/><\/span><br \/>\n<span class=\"wpcf7-form-control-wrap\" data-name=\"textarea-469\"><textarea cols=\"40\" rows=\"10\" maxlength=\"2000\" class=\"wpcf7-form-control wpcf7-textarea\" aria-invalid=\"false\" placeholder=\"Mensaje\" name=\"textarea-469\"><\/textarea><\/span><br \/>\n<span class=\"wpcf7-form-control-wrap\" data-name=\"acceptance-129\"><span class=\"wpcf7-form-control wpcf7-acceptance\"><span class=\"wpcf7-list-item\"><label><input type=\"checkbox\" name=\"acceptance-129\" value=\"1\" aria-invalid=\"false\" \/><span class=\"wpcf7-list-item-label\">He le\u00eddo y acepto la <a href=\"https:\/\/pastorvillalobos.com\/politica-de-privacidad\/\" target=\"_blank\">Pol\u00edtica de Privacidad<\/a><\/span><\/label><\/span><\/span><\/span><br \/>\n<input class=\"wpcf7-form-control wpcf7-submit has-spinner\" type=\"submit\" value=\"Enviar\" \/>\n<\/p><div class=\"wpcf7-response-output\" aria-hidden=\"true\"><\/div>\n<\/form>\n<\/div>\n<\/div>\n\t\t\t\t\t\t<\/div>\n\t\t\t\t<\/div>\n\t\t\t\t\t<\/div>\n\t\t<\/div>\n\t\t\t\t\t<\/div>\n\t\t<\/section>\n\t\t\t\t\t<\/div>\n\t\t<\/div>\n\t\t\t\t\t<\/div>\n\t\t<\/section>\n\t\t\t\t<section class=\"elementor-section elementor-top-section elementor-element elementor-element-62a9782 elementor-section-full_width elementor-section-height-default elementor-section-height-default\" data-id=\"62a9782\" data-element_type=\"section\" data-e-type=\"section\">\n\t\t\t\t\t\t<div class=\"elementor-container elementor-column-gap-default\">\n\t\t\t\t\t<div class=\"elementor-column elementor-col-100 elementor-top-column elementor-element elementor-element-a0ff6d7\" data-id=\"a0ff6d7\" data-element_type=\"column\" data-e-type=\"column\">\n\t\t\t<div class=\"elementor-widget-wrap elementor-element-populated\">\n\t\t\t\t\t\t<div class=\"elementor-element elementor-element-38474f1 elementor-widget elementor-widget-shortcode\" data-id=\"38474f1\" data-element_type=\"widget\" data-e-type=\"widget\" data-widget_type=\"shortcode.default\">\n\t\t\t\t<div class=\"elementor-widget-container\">\n\t\t\t\t\t\t\t<div class=\"elementor-shortcode\">\t\t<div data-elementor-type=\"section\" data-elementor-id=\"1878\" class=\"elementor elementor-1878 elementor-1741 elementor-1741\" data-elementor-post-type=\"elementor_library\">\n\t\t\t\t\t<section class=\"elementor-section elementor-top-section elementor-element elementor-element-23459ec elementor-section-full_width elementor-section-height-default elementor-section-height-default\" data-id=\"23459ec\" data-element_type=\"section\" data-e-type=\"section\">\n\t\t\t\t\t\t<div class=\"elementor-container elementor-column-gap-default\">\n\t\t\t\t\t<div class=\"elementor-column elementor-col-100 elementor-top-column elementor-element elementor-element-7f7e80f\" data-id=\"7f7e80f\" data-element_type=\"column\" data-e-type=\"column\">\n\t\t\t<div class=\"elementor-widget-wrap elementor-element-populated\">\n\t\t\t\t\t\t<div class=\"elementor-element elementor-element-a4928ff elementor-widget elementor-widget-google_maps\" data-id=\"a4928ff\" data-element_type=\"widget\" data-e-type=\"widget\" data-widget_type=\"google_maps.default\">\n\t\t\t\t<div class=\"elementor-widget-container\">\n\t\t\t\t\t\t\t<div class=\"elementor-custom-embed\">\n\t\t\t<iframe loading=\"lazy\"\n\t\t\t\t\tsrc=\"https:\/\/maps.google.com\/maps?q=pastor%20villalobos&#038;t=m&#038;z=17&#038;output=embed&#038;iwloc=near\"\n\t\t\t\t\ttitle=\"pastor villalobos\"\n\t\t\t\t\taria-label=\"pastor villalobos\"\n\t\t\t><\/iframe>\n\t\t<\/div>\n\t\t\t\t\t\t<\/div>\n\t\t\t\t<\/div>\n\t\t\t\t\t<\/div>\n\t\t<\/div>\n\t\t\t\t\t<\/div>\n\t\t<\/section>\n\t\t\t\t<\/div>\n\t\t<\/div>\n\t\t\t\t\t\t<\/div>\n\t\t\t\t<\/div>\n\t\t\t\t\t<\/div>\n\t\t<\/div>\n\t\t\t\t\t<\/div>\n\t\t<\/section>\n\t\t\t\t<\/div>\n\t\t","protected":false},"excerpt":{"rendered":"<p>Face-to-face and online consultations by appointment only. Address Calle C\u00f3rdoba N6 Oficina 108, 29001. M\u00e1laga. Contact number: +34 676 07 70 53 Opening hours Monday-Friday 9am-6pm Request a consultation online<\/p>\n","protected":false},"author":1,"featured_media":0,"parent":0,"menu_order":0,"comment_status":"closed","ping_status":"closed","template":"","meta":{"footnotes":""},"class_list":["post-1578","page","type-page","status-publish","hentry"],"yoast_head":"<!-- This site is optimized with the Yoast SEO plugin v27.3 - https:\/\/yoast.com\/product\/yoast-seo-wordpress\/ -->\n<title>Contact | Pastor Villalobos - Abogados<\/title>\n<meta name=\"description\" content=\"Contact en M\u00e1laga | Especialistas del derecho de negocios | +7 a\u00f1os de experiencia | Solicita el estudio de tu caso.\" \/>\n<meta name=\"robots\" content=\"index, follow, max-snippet:-1, max-image-preview:large, max-video-preview:-1\" \/>\n<link rel=\"canonical\" href=\"https:\/\/pastorvillalobos.com\/en\/contact\/\" \/>\n<meta property=\"og:locale\" content=\"en_US\" \/>\n<meta property=\"og:type\" content=\"article\" \/>\n<meta property=\"og:title\" content=\"Contact | Pastor Villalobos - Abogados\" \/>\n<meta property=\"og:description\" content=\"Contact en M\u00e1laga | Especialistas del derecho de negocios | +7 a\u00f1os de experiencia | Solicita el estudio de tu caso.\" \/>\n<meta property=\"og:url\" content=\"https:\/\/pastorvillalobos.com\/en\/contact\/\" \/>\n<meta property=\"og:site_name\" content=\"Pastor Villalobos - Abogados\" \/>\n<meta property=\"article:modified_time\" content=\"2024-05-20T10:24:08+00:00\" \/>\n<meta property=\"og:image\" content=\"https:\/\/pastorvillalobos.com\/wp-content\/uploads\/2022\/04\/main-chamber-logo.png\" \/>\n<meta name=\"twitter:card\" content=\"summary_large_image\" \/>\n<meta name=\"twitter:label1\" content=\"Est. reading time\" \/>\n\t<meta name=\"twitter:data1\" content=\"1 minute\" \/>\n<script type=\"application\/ld+json\" class=\"yoast-schema-graph\">{\"@context\":\"https:\\\/\\\/schema.org\",\"@graph\":[{\"@type\":\"WebPage\",\"@id\":\"https:\\\/\\\/pastorvillalobos.com\\\/en\\\/contact\\\/\",\"url\":\"https:\\\/\\\/pastorvillalobos.com\\\/en\\\/contact\\\/\",\"name\":\"Contact | Pastor Villalobos - Abogados\",\"isPartOf\":{\"@id\":\"https:\\\/\\\/pastorvillalobos.com\\\/en\\\/#website\"},\"primaryImageOfPage\":{\"@id\":\"https:\\\/\\\/pastorvillalobos.com\\\/en\\\/contact\\\/#primaryimage\"},\"image\":{\"@id\":\"https:\\\/\\\/pastorvillalobos.com\\\/en\\\/contact\\\/#primaryimage\"},\"thumbnailUrl\":\"https:\\\/\\\/pastorvillalobos.com\\\/wp-content\\\/uploads\\\/2022\\\/04\\\/main-chamber-logo.png\",\"datePublished\":\"2022-05-31T10:00:05+00:00\",\"dateModified\":\"2024-05-20T10:24:08+00:00\",\"description\":\"Contact en M\u00e1laga | Especialistas del derecho de negocios | +7 a\u00f1os de experiencia | Solicita el estudio de tu caso.\",\"breadcrumb\":{\"@id\":\"https:\\\/\\\/pastorvillalobos.com\\\/en\\\/contact\\\/#breadcrumb\"},\"inLanguage\":\"en-US\",\"potentialAction\":[{\"@type\":\"ReadAction\",\"target\":[\"https:\\\/\\\/pastorvillalobos.com\\\/en\\\/contact\\\/\"]}]},{\"@type\":\"ImageObject\",\"inLanguage\":\"en-US\",\"@id\":\"https:\\\/\\\/pastorvillalobos.com\\\/en\\\/contact\\\/#primaryimage\",\"url\":\"https:\\\/\\\/pastorvillalobos.com\\\/wp-content\\\/uploads\\\/2022\\\/04\\\/main-chamber-logo.png\",\"contentUrl\":\"https:\\\/\\\/pastorvillalobos.com\\\/wp-content\\\/uploads\\\/2022\\\/04\\\/main-chamber-logo.png\"},{\"@type\":\"BreadcrumbList\",\"@id\":\"https:\\\/\\\/pastorvillalobos.com\\\/en\\\/contact\\\/#breadcrumb\",\"itemListElement\":[{\"@type\":\"ListItem\",\"position\":1,\"name\":\"Portada\",\"item\":\"https:\\\/\\\/pastorvillalobos.com\\\/en\\\/\"},{\"@type\":\"ListItem\",\"position\":2,\"name\":\"Contact\"}]},{\"@type\":\"WebSite\",\"@id\":\"https:\\\/\\\/pastorvillalobos.com\\\/en\\\/#website\",\"url\":\"https:\\\/\\\/pastorvillalobos.com\\\/en\\\/\",\"name\":\"Pastor Villalobos - Abogados\",\"description\":\"Desde los a\u00f1os 90 la Firma Villalobos ha ido progresivamente especializ\u00e1ndose en el derecho inmobiliario, en el urbanismo, y en la gesti\u00f3n y administraci\u00f3n.\",\"publisher\":{\"@id\":\"https:\\\/\\\/pastorvillalobos.com\\\/en\\\/#organization\"},\"potentialAction\":[{\"@type\":\"SearchAction\",\"target\":{\"@type\":\"EntryPoint\",\"urlTemplate\":\"https:\\\/\\\/pastorvillalobos.com\\\/en\\\/?s={search_term_string}\"},\"query-input\":{\"@type\":\"PropertyValueSpecification\",\"valueRequired\":true,\"valueName\":\"search_term_string\"}}],\"inLanguage\":\"en-US\"},{\"@type\":\"Organization\",\"@id\":\"https:\\\/\\\/pastorvillalobos.com\\\/en\\\/#organization\",\"name\":\"Pastor Villalobos Abogados\",\"url\":\"https:\\\/\\\/pastorvillalobos.com\\\/en\\\/\",\"logo\":{\"@type\":\"ImageObject\",\"inLanguage\":\"en-US\",\"@id\":\"https:\\\/\\\/pastorvillalobos.com\\\/en\\\/#\\\/schema\\\/logo\\\/image\\\/\",\"url\":\"https:\\\/\\\/pastorvillalobos.com\\\/wp-content\\\/uploads\\\/2022\\\/05\\\/cropped-Pastor-Villalobos-logo-OK-2.jpg\",\"contentUrl\":\"https:\\\/\\\/pastorvillalobos.com\\\/wp-content\\\/uploads\\\/2022\\\/05\\\/cropped-Pastor-Villalobos-logo-OK-2.jpg\",\"width\":866,\"height\":231,\"caption\":\"Pastor Villalobos Abogados\"},\"image\":{\"@id\":\"https:\\\/\\\/pastorvillalobos.com\\\/en\\\/#\\\/schema\\\/logo\\\/image\\\/\"}}]}<\/script>\n<!-- \/ Yoast SEO plugin. -->","yoast_head_json":{"title":"Contact | Pastor Villalobos - Abogados","description":"Contact en M\u00e1laga | Especialistas del derecho de negocios | +7 a\u00f1os de experiencia | Solicita el estudio de tu caso.","robots":{"index":"index","follow":"follow","max-snippet":"max-snippet:-1","max-image-preview":"max-image-preview:large","max-video-preview":"max-video-preview:-1"},"canonical":"https:\/\/pastorvillalobos.com\/en\/contact\/","og_locale":"en_US","og_type":"article","og_title":"Contact | Pastor Villalobos - Abogados","og_description":"Contact en M\u00e1laga | Especialistas del derecho de negocios | +7 a\u00f1os de experiencia | Solicita el estudio de tu caso.","og_url":"https:\/\/pastorvillalobos.com\/en\/contact\/","og_site_name":"Pastor Villalobos - Abogados","article_modified_time":"2024-05-20T10:24:08+00:00","og_image":[{"url":"https:\/\/pastorvillalobos.com\/wp-content\/uploads\/2022\/04\/main-chamber-logo.png","type":"","width":"","height":""}],"twitter_card":"summary_large_image","twitter_misc":{"Est. reading time":"1 minute"},"schema":{"@context":"https:\/\/schema.org","@graph":[{"@type":"WebPage","@id":"https:\/\/pastorvillalobos.com\/en\/contact\/","url":"https:\/\/pastorvillalobos.com\/en\/contact\/","name":"Contact | Pastor Villalobos - Abogados","isPartOf":{"@id":"https:\/\/pastorvillalobos.com\/en\/#website"},"primaryImageOfPage":{"@id":"https:\/\/pastorvillalobos.com\/en\/contact\/#primaryimage"},"image":{"@id":"https:\/\/pastorvillalobos.com\/en\/contact\/#primaryimage"},"thumbnailUrl":"https:\/\/pastorvillalobos.com\/wp-content\/uploads\/2022\/04\/main-chamber-logo.png","datePublished":"2022-05-31T10:00:05+00:00","dateModified":"2024-05-20T10:24:08+00:00","description":"Contact en M\u00e1laga | Especialistas del derecho de negocios | +7 a\u00f1os de experiencia | Solicita el estudio de tu caso.","breadcrumb":{"@id":"https:\/\/pastorvillalobos.com\/en\/contact\/#breadcrumb"},"inLanguage":"en-US","potentialAction":[{"@type":"ReadAction","target":["https:\/\/pastorvillalobos.com\/en\/contact\/"]}]},{"@type":"ImageObject","inLanguage":"en-US","@id":"https:\/\/pastorvillalobos.com\/en\/contact\/#primaryimage","url":"https:\/\/pastorvillalobos.com\/wp-content\/uploads\/2022\/04\/main-chamber-logo.png","contentUrl":"https:\/\/pastorvillalobos.com\/wp-content\/uploads\/2022\/04\/main-chamber-logo.png"},{"@type":"BreadcrumbList","@id":"https:\/\/pastorvillalobos.com\/en\/contact\/#breadcrumb","itemListElement":[{"@type":"ListItem","position":1,"name":"Portada","item":"https:\/\/pastorvillalobos.com\/en\/"},{"@type":"ListItem","position":2,"name":"Contact"}]},{"@type":"WebSite","@id":"https:\/\/pastorvillalobos.com\/en\/#website","url":"https:\/\/pastorvillalobos.com\/en\/","name":"Pastor Villalobos - Abogados","description":"Desde los a\u00f1os 90 la Firma Villalobos ha ido progresivamente especializ\u00e1ndose en el derecho inmobiliario, en el urbanismo, y en la gesti\u00f3n y administraci\u00f3n.","publisher":{"@id":"https:\/\/pastorvillalobos.com\/en\/#organization"},"potentialAction":[{"@type":"SearchAction","target":{"@type":"EntryPoint","urlTemplate":"https:\/\/pastorvillalobos.com\/en\/?s={search_term_string}"},"query-input":{"@type":"PropertyValueSpecification","valueRequired":true,"valueName":"search_term_string"}}],"inLanguage":"en-US"},{"@type":"Organization","@id":"https:\/\/pastorvillalobos.com\/en\/#organization","name":"Pastor Villalobos Abogados","url":"https:\/\/pastorvillalobos.com\/en\/","logo":{"@type":"ImageObject","inLanguage":"en-US","@id":"https:\/\/pastorvillalobos.com\/en\/#\/schema\/logo\/image\/","url":"https:\/\/pastorvillalobos.com\/wp-content\/uploads\/2022\/05\/cropped-Pastor-Villalobos-logo-OK-2.jpg","contentUrl":"https:\/\/pastorvillalobos.com\/wp-content\/uploads\/2022\/05\/cropped-Pastor-Villalobos-logo-OK-2.jpg","width":866,"height":231,"caption":"Pastor Villalobos Abogados"},"image":{"@id":"https:\/\/pastorvillalobos.com\/en\/#\/schema\/logo\/image\/"}}]}},"_links":{"self":[{"href":"https:\/\/pastorvillalobos.com\/en\/wp-json\/wp\/v2\/pages\/1578","targetHints":{"allow":["GET"]}}],"collection":[{"href":"https:\/\/pastorvillalobos.com\/en\/wp-json\/wp\/v2\/pages"}],"about":[{"href":"https:\/\/pastorvillalobos.com\/en\/wp-json\/wp\/v2\/types\/page"}],"author":[{"embeddable":true,"href":"https:\/\/pastorvillalobos.com\/en\/wp-json\/wp\/v2\/users\/1"}],"replies":[{"embeddable":true,"href":"https:\/\/pastorvillalobos.com\/en\/wp-json\/wp\/v2\/comments?post=1578"}],"version-history":[{"count":7,"href":"https:\/\/pastorvillalobos.com\/en\/wp-json\/wp\/v2\/pages\/1578\/revisions"}],"predecessor-version":[{"id":1888,"href":"https:\/\/pastorvillalobos.com\/en\/wp-json\/wp\/v2\/pages\/1578\/revisions\/1888"}],"wp:attachment":[{"href":"https:\/\/pastorvillalobos.com\/en\/wp-json\/wp\/v2\/media?parent=1578"}],"curies":[{"name":"wp","href":"https:\/\/api.w.org\/{rel}","templated":true}]}}